{"id":85,"date":"2018-03-20T14:46:22","date_gmt":"2018-03-20T13:46:22","guid":{"rendered":"https:\/\/internet.de\/?page_id=85"},"modified":"2022-02-02T15:11:42","modified_gmt":"2022-02-02T14:11:42","slug":"impressum","status":"publish","type":"page","link":"https:\/\/internet.de\/?page_id=85","title":{"rendered":"Impressum &#038; Datenschutz"},"content":{"rendered":"<div id=\"themify_builder_content-85\" data-postid=\"85\" class=\"themify_builder_content themify_builder_content-85 themify_builder\">\n\n    \n\t\t<!-- module_row -->\n\t\t<div  class=\"themify_builder_row module_row clearfix module_row_0 themify_builder_85_row module_row_85-0\" data-id=\"fbb7684\">\n\t\t\t\t\t\t<div class=\"row_inner col_align_top\" >\n                                    <div  class=\"module_column tb-column col4-2 first tb_85_column module_column_0 module_column_85-0-0\" data-id=\"8b289ab\" >\n                                                                <div class=\"tb-column-inner\">\n                            \n\n<!-- module text -->\n<div  id=\"text-85-0-0-0\" class=\"module module-text text-85-0-0-0  repeat  \" data-id=\"7fb5e70\">\n    <!--insert-->\n            <h3 class=\"module-title\">Impressum<\/h3>    \n        <p><em>Interactive Network Communications GmbH<\/em><br \/><em>Neue Mainzer Str. 75<\/em><br \/><em>60311 Frankfurt am Main<\/em><br \/><em>Deutschland<\/em><\/p>\n<p><em>Telefon: 069 \/ 1336 \u2013 0<\/em><br \/><em>Telefax: 069 \/ 1336 \u2013 1000<\/em><br \/><em>E-Mail: sales@internet.de<\/em><br \/><em>Web: internet.de<\/em><\/p>\n<p><em>Handelsregister Frankfurt am Main, HRB 47625<\/em><br \/><em>USt.ID-Nr. DE 202192770<\/em><br \/><em>Gesch\u00e4ftsf\u00fchrer: Michael Neska<br \/><\/em><\/p>\n<p>Interactive Network, Reel2 und internet.de sind beim Deutschen Patent- und Markenamt eingetragene Marken der Interactive Network Communications GmbH.<\/p>        <\/div>\n<!-- \/module text -->\n\n                        <\/div>\n                    \t\t<\/div>\n\t\t        <div  class=\"module_column tb-column col4-2 last tb_85_column module_column_1 module_column_85-0-1\" data-id=\"981b002\" >\n                                                                <div class=\"tb-column-inner\">\n                            \n\n<!-- module text -->\n<div  id=\"text-85-0-1-0\" class=\"module module-text text-85-0-1-0  repeat  \" data-id=\"994f39e\">\n    <!--insert-->\n            <h3 class=\"module-title\">Datenschutzerkl\u00e4rung<\/h3>    \n        <p>Wir, die Interactive Network, hei\u00dfen Sie Willkommen auf unserer Website und freuen uns an Ihrem Interesse an unserem Unternehmen. Um Ihnen unsere Wertsch\u00e4tzung zu zeigen, erheben und verarbeiten wir <strong>keine personenbezogenen Daten<\/strong> Ihres Besuches. Wir verzichten gar auf eine anonymisierte Analyse der Besuche.<\/p>\n<p>Ausnahme ist beim Auftreten eines Fehlers, denn dann wird die IP-Adresse und die Fehlermeldung bis zu 14 Tagen gespeichert. Diese Speicherung dient aber ausschlie\u00dflich der Fehlerverfolgung und -behebung, sowie der Gefahrenabwehr. Rechtsgrundlage hierf\u00fcr ist Art. 6 Abs. 1 lit. f DSGVO.<\/p>\n<p>Auf manchen unserer Seiten werden Sie als Besucher vielleicht auf die in Verruf geratenen Cookies sto\u00dfen, die Kunden etwa das Anmelden bei unseren Diensten erlauben. Unsere Cookies enthalten ausschlie\u00dflich ein eindeutiges, zuf\u00e4llig ermitteltes Pseudonym und sind nicht personenbezogen. Sie werden gel\u00f6scht, wenn Sie den Browser schlie\u00dfen.<\/p>\n        <\/div>\n<!-- \/module text -->\n\n                        <\/div>\n                    \t\t<\/div>\n\t\t                                <\/div>\n                                <!-- \/row_inner -->\n                        <\/div>\n                        <!-- \/module_row -->\n\t\t<\/div>\n<p>&nbsp;<\/p>\n","protected":false},"excerpt":{"rendered":"<p>Impressum Interactive Network Communications GmbHNeue Mainzer Str. 7560311 Frankfurt am MainDeutschland Telefon: 069 \/ 1336 \u2013 0Telefax: 069 \/ 1336 \u2013 1000E-Mail: sales@internet.deWeb: internet.de Handelsregister Frankfurt am Main, HRB 47625USt.ID-Nr. DE 202192770Gesch\u00e4ftsf\u00fchrer: Michael Neska Interactive Network, Reel2 und internet.de sind beim Deutschen Patent- und Markenamt eingetragene Marken der Interactive Network Communications GmbH. Datenschutzerkl\u00e4rung Wir, die [&hellip;]<\/p>\n","protected":false},"author":1,"featured_media":0,"parent":0,"menu_order":0,"comment_status":"closed","ping_status":"closed","template":"","meta":{"footnotes":""},"_links":{"self":[{"href":"https:\/\/internet.de\/index.php?rest_route=\/wp\/v2\/pages\/85"}],"collection":[{"href":"https:\/\/internet.de\/index.php?rest_route=\/wp\/v2\/pages"}],"about":[{"href":"https:\/\/internet.de\/index.php?rest_route=\/wp\/v2\/types\/page"}],"author":[{"embeddable":true,"href":"https:\/\/internet.de\/index.php?rest_route=\/wp\/v2\/users\/1"}],"replies":[{"embeddable":true,"href":"https:\/\/internet.de\/index.php?rest_route=%2Fwp%2Fv2%2Fcomments&post=85"}],"version-history":[{"count":62,"href":"https:\/\/internet.de\/index.php?rest_route=\/wp\/v2\/pages\/85\/revisions"}],"predecessor-version":[{"id":467,"href":"https:\/\/internet.de\/index.php?rest_route=\/wp\/v2\/pages\/85\/revisions\/467"}],"wp:attachment":[{"href":"https:\/\/internet.de\/index.php?rest_route=%2Fwp%2Fv2%2Fmedia&parent=85"}],"curies":[{"name":"wp","href":"https:\/\/api.w.org\/{rel}","templated":true}]}}