{"id":5,"date":"2018-03-20T11:47:21","date_gmt":"2018-03-20T10:47:21","guid":{"rendered":"https:\/\/internet.de\/?page_id=5"},"modified":"2020-07-10T10:36:01","modified_gmt":"2020-07-10T08:36:01","slug":"startseite","status":"publish","type":"page","link":"https:\/\/internet.de\/","title":{"rendered":"Startseite"},"content":{"rendered":"<div id=\"themify_builder_content-5\" data-postid=\"5\" class=\"themify_builder_content themify_builder_content-5 themify_builder\">\n\n    \n\t\t<!-- module_row -->\n\t\t<div  class=\"themify_builder_row module_row clearfix repeat module_row_0 themify_builder_5_row module_row_5-0\" data-id=\"a35b0fd\">\n\t\t\t\t\t\t<div class=\"row_inner col_align_top\" >\n                                    <div  class=\"module_column tb-column col-full first tb_5_column module_column_0 module_column_5-0-0\" data-id=\"f1a4e7f\" >\n                                                                <div class=\"tb-column-inner\">\n                            \n\n    <!-- module fancy heading -->\n    <div  id=\"fancy-heading-5-0-0-0\" class=\"module module-fancy-heading fancy-heading-5-0-0-0  wow tada \" data-id=\"64dff5a\">\n        <!--insert-->\n        <h2 class=\"fancy-heading themify-text-center\">\n        <span class=\"main-head\">Einfach Internet. Doppelt sicher.<\/span>\n        <span class=\"sub-head\"><\/span>\n        <\/h2>\n    <\/div>\n    <!-- \/module fancy heading -->\n\n        <div  class=\"themify_builder_sub_row module_subrow clearfix sub_row_0-0-1\" data-id=\"6c98f15\" >\n\t\t                    <div class=\"subrow_inner col_align_top\" >\n                                       <div  class=\"col5-1 sub_column module_column first sub_column_post_5 sub_column_0-0-1-0\"> \n                                                              <div class=\"tb-column-inner\">\n                            \n\n    <!-- module image -->\n    <div  id=\"image-5-sub_row_0-0-1-0-0\" class=\"module module-image image-5-sub_row_0-0-1-0-0  image-center inc-icon \" data-id=\"6b5bdb9\">\n        <!--insert-->\n        \n        <div class=\"image-wrap\">\n                            <img loading=\"lazy\" decoding=\"async\" src=\"https:\/\/internet.de\/wp\/wp-content\/uploads\/2018\/03\/i_compass.svg\" width=\"120\" height=\"120\" alt=\"Routing\" \/>            \n                        <\/div>\n            <!-- \/image-wrap -->\n        \n        \n            <\/div>\n    <!-- \/module image -->\n\n\n\n<!-- module text -->\n<div  id=\"text-5-sub_row_0-0-1-0-1\" class=\"module module-text text-5-sub_row_0-0-1-0-1  repeat  \" data-id=\"7ea8079\">\n    <!--insert-->\n    \n        <p>Jahrzehntelange Erfahrung! Vertraut mit den wichtigsten IP-Protokollen. Wir begleiten Sie sicher durchs Internet.<\/p>        <\/div>\n<!-- \/module text -->\n\n                        <\/div>\n                                   <\/div>\n\t\t               <div  class=\"col5-1 sub_column module_column second sub_column_post_5 sub_column_0-0-1-1\"> \n                                                              <div class=\"tb-column-inner\">\n                            \n\n    <!-- module image -->\n    <div  id=\"image-5-sub_row_0-0-1-1-0\" class=\"module module-image image-5-sub_row_0-0-1-1-0  image-center inc-icon \" data-id=\"77475c8\">\n        <!--insert-->\n        \n        <div class=\"image-wrap\">\n                            <img loading=\"lazy\" decoding=\"async\" src=\"https:\/\/internet.de\/wp\/wp-content\/uploads\/2018\/03\/i_cloud.svg\" width=\"120\" height=\"120\" alt=\"Cloud\" \/>            \n                        <\/div>\n            <!-- \/image-wrap -->\n        \n        \n            <\/div>\n    <!-- \/module image -->\n\n\n\n<!-- module text -->\n<div  id=\"text-5-sub_row_0-0-1-1-1\" class=\"module module-text text-5-sub_row_0-0-1-1-1  repeat  \" data-id=\"d4193e0\">\n    <!--insert-->\n    \n        <p style=\\\"text-align: left;\\\">Cloud ist Internet. Internet ist Cloud. Wir virtualisieren Ihre Infrastruktur. Im Netz mit doppeltem Boden. Hochverf\u00fcgbar und gesichert.<\/p>        <\/div>\n<!-- \/module text -->\n\n                        <\/div>\n                                   <\/div>\n\t\t               <div  class=\"col5-1 sub_column module_column third sub_column_post_5 sub_column_0-0-1-2\"> \n                                                              <div class=\"tb-column-inner\">\n                            \n\n    <!-- module image -->\n    <div  id=\"image-5-sub_row_0-0-1-2-0\" class=\"module module-image image-5-sub_row_0-0-1-2-0  image-center inc-icon \" data-id=\"534989b\">\n        <!--insert-->\n        \n        <div class=\"image-wrap\">\n                            <img loading=\"lazy\" decoding=\"async\" src=\"https:\/\/internet.de\/wp\/wp-content\/uploads\/2018\/03\/i_shield.svg\" width=\"120\" height=\"120\" alt=\"Managed Services\" \/>            \n                        <\/div>\n            <!-- \/image-wrap -->\n        \n        \n            <\/div>\n    <!-- \/module image -->\n\n\n\n<!-- module text -->\n<div  id=\"text-5-sub_row_0-0-1-2-1\" class=\"module module-text text-5-sub_row_0-0-1-2-1  repeat  \" data-id=\"15772a5\">\n    <!--insert-->\n    \n        <p style=\\\"text-align: left;\\\">Alles online im Griff. Unsere Managed Services sch\u00fctzen Ihre Infrastruktur hochgradig vor Ausfall und Angriffen.<\/p>        <\/div>\n<!-- \/module text -->\n\n                        <\/div>\n                                   <\/div>\n\t\t               <div  class=\"col5-1 sub_column module_column fourth sub_column_post_5 sub_column_0-0-1-3\"> \n                                                              <div class=\"tb-column-inner\">\n                            \n\n    <!-- module image -->\n    <div  id=\"image-5-sub_row_0-0-1-3-0\" class=\"module module-image image-5-sub_row_0-0-1-3-0  image-center inc-icon \" data-id=\"9275927\">\n        <!--insert-->\n        \n        <div class=\"image-wrap\">\n                            <img loading=\"lazy\" decoding=\"async\" src=\"https:\/\/internet.de\/wp\/wp-content\/uploads\/2018\/03\/i_consultation.svg\" width=\"120\" height=\"120\" alt=\"Consulting\" \/>            \n                        <\/div>\n            <!-- \/image-wrap -->\n        \n        \n            <\/div>\n    <!-- \/module image -->\n\n\n\n<!-- module text -->\n<div  id=\"text-5-sub_row_0-0-1-3-1\" class=\"module module-text text-5-sub_row_0-0-1-3-1  repeat  \" data-id=\"e601d05\">\n    <!--insert-->\n    \n        <p>Professionell denken. zuverl\u00e4ssig handeln. Wir beraten Sie kompetent und bieten Ihnen modernste L\u00f6sungen f\u00fcr Ihre IT.<\/p>        <\/div>\n<!-- \/module text -->\n\n                        <\/div>\n                                   <\/div>\n\t\t               <div  class=\"col5-1 sub_column module_column last sub_column_post_5 sub_column_0-0-1-4\"> \n                                                              <div class=\"tb-column-inner\">\n                            \n\n    <!-- module image -->\n    <div  id=\"image-5-sub_row_0-0-1-4-0\" class=\"module module-image image-5-sub_row_0-0-1-4-0  image-center inc-icon \" data-id=\"13ffef0\">\n        <!--insert-->\n        \n        <div class=\"image-wrap\">\n                            <img loading=\"lazy\" decoding=\"async\" src=\"https:\/\/internet.de\/wp\/wp-content\/uploads\/2018\/03\/i_alert.svg\" width=\"120\" height=\"120\" alt=\"Monitoring\" \/>            \n                        <\/div>\n            <!-- \/image-wrap -->\n        \n        \n            <\/div>\n    <!-- \/module image -->\n\n\n\n<!-- module text -->\n<div  id=\"text-5-sub_row_0-0-1-4-1\" class=\"module module-text text-5-sub_row_0-0-1-4-1  repeat  \" data-id=\"0b72a72\">\n    <!--insert-->\n    \n        <p style=\\\"text-align: left;\\\">24 Stunden f\u00fcr Sie da: unser Monitoring schl\u00e4ft nie. Bei St\u00f6rungen l\u00f6sen unsere intelligenten Agenten automatisch das Problem.<\/p>        <\/div>\n<!-- \/module text -->\n\n                        <\/div>\n                                   <\/div>\n\t\t                    <\/div>\n                <\/div><!-- \/themify_builder_sub_row -->\n                                        <\/div>\n                    \t\t<\/div>\n\t\t                                <\/div>\n                                <!-- \/row_inner -->\n                        <\/div>\n                        <!-- \/module_row -->\n\t\t\n\t\t<!-- module_row -->\n\t\t<div  class=\"themify_builder_row module_row clearfix repeat module_row_1 themify_builder_5_row module_row_5-1\" data-id=\"eab9cd7\">\n\t\t\t\t\t\t<div class=\"row_inner col_align_middle\" >\n                                    <div  class=\"module_column tb-column col3-1 first tb_5_column module_column_0 module_column_5-1-0\" data-id=\"906c3f3\" >\n                                                                <div class=\"tb-column-inner\">\n                            \n\n    <!-- module image -->\n    <div  id=\"image-5-1-0-0\" class=\"module module-image image-5-1-0-0  image-center  \" data-id=\"ed75c4b\">\n        <!--insert-->\n        \n        <div class=\"image-wrap\">\n                            <img loading=\"lazy\" decoding=\"async\" src=\"https:\/\/internet.de\/wp\/wp-content\/uploads\/2020\/04\/i_videoconference1.svg\" width=\"320\" height=\"320\" alt=\"Startseite\" \/>            \n                        <\/div>\n            <!-- \/image-wrap -->\n        \n        \n            <\/div>\n    <!-- \/module image -->\n\n                        <\/div>\n                    \t\t<\/div>\n\t\t        <div  class=\"module_column tb-column col3-2 last tb_5_column module_column_1 module_column_5-1-1\" data-id=\"f817a86\" >\n                                                                <div class=\"tb-column-inner\">\n                            \n\n<!-- module text -->\n<div  id=\"text-5-1-1-0\" class=\"module module-text text-5-1-1-0 inc-slider repeat  \" data-id=\"aaaeb49\">\n    <!--insert-->\n            <h3 class=\"module-title\">Home-Office? Vis-a-Vis!<\/h3>    \n        <p>Ob 2, 12 oder 144 Teilnehmer: Videokonferenzen mit Vis-aVis.<\/p><ul><li>100% kostenlos und werbefrei<\/li><li>100% einfach zu benutzen: Browser (Firefox, Chrome) oder App<\/li><li>100% Europ\u00e4ische Sicherheitsstandards, Datenschutz nach DSGVO<\/li><li>100% Highspeedanbindung in Frankfurt, Hamburg, M\u00fcnchen&#8230;<\/li><li>100% Server in unserem Rechenzentrum in Frankfurt<\/li><\/ul>        <\/div>\n<!-- \/module text -->\n\n\n\n    <!-- module buttons -->\n    <div  id=\"buttons-5-1-1-1\" class=\"module module-buttons buttons-5-1-1-1  \" data-id=\"e4db4c5\">\n        <!--insert-->\n        \n        <div class=\"module-buttons normal solid squared\">\n                            <div class=\"module-buttons-item  buttons-horizontal\">\n\t\t\t\t\t<a href=\"https:\/\/vis-a-vis.internet.de\" class=\"ui builder_button black\" ><span>Auf geht's<\/span><\/a>                <\/div>\n                    <\/div>\n    <\/div>\n    <!-- \/module buttons -->\n\n                        <\/div>\n                    \t\t<\/div>\n\t\t                                <\/div>\n                                <!-- \/row_inner -->\n                        <\/div>\n                        <!-- \/module_row -->\n\t\t\n\t\t<!-- module_row -->\n\t\t<div  class=\"themify_builder_row module_row clearfix repeat module_row_2 themify_builder_5_row module_row_5-2\" data-id=\"d867e09\">\n\t\t\t\t\t\t<div class=\"row_inner col_align_top\" >\n                                    <div  class=\"module_column tb-column col-full first tb_5_column module_column_0 module_column_5-2-0\" data-id=\"f432bb1\" >\n                                        \t\t<\/div>\n\t\t                                <\/div>\n                                <!-- \/row_inner -->\n                        <\/div>\n                        <!-- \/module_row -->\n\t\t\n\t\t<!-- module_row -->\n\t\t<div  class=\"themify_builder_row module_row clearfix repeat module_row_3 themify_builder_5_row module_row_5-3\" data-id=\"7a41821\">\n\t\t\t\t\t\t<div class=\"row_inner col_align_middle\" >\n                                    <div  class=\"module_column tb-column col3-2 first tb_5_column module_column_0 module_column_5-3-0\" data-id=\"cb6898d\" >\n                                                                <div class=\"tb-column-inner\">\n                            \n\n<!-- module text -->\n<div  id=\"text-5-3-0-0\" class=\"module module-text text-5-3-0-0 inc-slider repeat  \" data-id=\"14b9e3d\">\n    <!--insert-->\n            <h3 class=\"module-title\">Das Internet schl\u00e4ft nicht. Trotz Corona!<\/h3>    \n        <p>Ein Virus und die Welt steht still. Aber das Leben geht weiter. Auch Dank des Internets.<\/p><p>Damit unsere Kunden nicht stillstehen m\u00fcssen, k\u00fcmmern wir uns um die Stabilit\u00e4t und Verf\u00fcgbarkeit unserer Infrastruktur und Dienste \u2014 Rund um die Uhr.<\/p><p>Haben Sie eine Frage? Wir sind f\u00fcr Sie da!<\/p><p>Bleiben Sie gesund und wohlauf.<\/p>        <\/div>\n<!-- \/module text -->\n\n\n\n    <!-- module buttons -->\n    <div  id=\"buttons-5-3-0-1\" class=\"module module-buttons buttons-5-3-0-1  \" data-id=\"22c8879\">\n        <!--insert-->\n        \n        <div class=\"module-buttons normal solid squared\">\n                            <div class=\"module-buttons-item  buttons-horizontal\">\n\t\t\t\t\t<a href=\"mailto:sales@internet.de\" class=\"ui builder_button black\" ><span>Anfrage senden<\/span><\/a>                <\/div>\n                    <\/div>\n    <\/div>\n    <!-- \/module buttons -->\n\n                        <\/div>\n                    \t\t<\/div>\n\t\t        <div  class=\"module_column tb-column col3-1 last tb_5_column module_column_1 module_column_5-3-1\" data-id=\"68e093b\" >\n                                                                <div class=\"tb-column-inner\">\n                            \n\n    <!-- module image -->\n    <div  id=\"image-5-3-1-0\" class=\"module module-image image-5-3-1-0  image-center   hide-mobile\" data-id=\"1613f7e\">\n        <!--insert-->\n        \n        <div class=\"image-wrap\">\n                            <img loading=\"lazy\" decoding=\"async\" src=\"https:\/\/internet.de\/wp\/wp-content\/uploads\/2020\/04\/o_worker.svg\" width=\"320\" height=\"320\" alt=\"Startseite\" \/>            \n                        <\/div>\n            <!-- \/image-wrap -->\n        \n        \n            <\/div>\n    <!-- \/module image -->\n\n                        <\/div>\n                    \t\t<\/div>\n\t\t                                <\/div>\n                                <!-- \/row_inner -->\n                        <\/div>\n                        <!-- \/module_row -->\n\t\t\n\t\t<!-- module_row -->\n\t\t<div  class=\"themify_builder_row module_row clearfix repeat module_row_4 themify_builder_5_row module_row_5-4\" data-id=\"d867e09\">\n\t\t\t\t\t\t<div class=\"row_inner col_align_top\" >\n                                    <div  class=\"module_column tb-column col-full first tb_5_column module_column_0 module_column_5-4-0\" data-id=\"f432bb1\" >\n                                        \t\t<\/div>\n\t\t                                <\/div>\n                                <!-- \/row_inner -->\n                        <\/div>\n                        <!-- \/module_row -->\n\t\t\n\t\t<!-- module_row -->\n\t\t<div  class=\"themify_builder_row module_row clearfix repeat module_row_5 themify_builder_5_row module_row_5-5\" data-id=\"eab9cd7\">\n\t\t\t\t\t\t<div class=\"row_inner col_align_middle\" >\n                                    <div  class=\"module_column tb-column col3-1 first tb_5_column module_column_0 module_column_5-5-0\" data-id=\"906c3f3\" >\n                                                                <div class=\"tb-column-inner\">\n                            \n\n    <!-- module image -->\n    <div  id=\"image-5-5-0-0\" class=\"module module-image image-5-5-0-0  image-center  \" data-id=\"ed75c4b\">\n        <!--insert-->\n        \n        <div class=\"image-wrap\">\n                            <img loading=\"lazy\" decoding=\"async\" src=\"https:\/\/internet.de\/wp\/wp-content\/uploads\/2018\/03\/i_internet.svg\" width=\"320\" height=\"320\" alt=\"Startseite\" \/>            \n                        <\/div>\n            <!-- \/image-wrap -->\n        \n        \n            <\/div>\n    <!-- \/module image -->\n\n                        <\/div>\n                    \t\t<\/div>\n\t\t        <div  class=\"module_column tb-column col3-2 last tb_5_column module_column_1 module_column_5-5-1\" data-id=\"f817a86\" >\n                                                                <div class=\"tb-column-inner\">\n                            \n\n<!-- module text -->\n<div  id=\"text-5-5-1-0\" class=\"module module-text text-5-5-1-0 inc-slider repeat  \" data-id=\"aaaeb49\">\n    <!--insert-->\n            <h3 class=\"module-title\">Internet. Immer. \u00dcberall.<\/h3>    \n        <p>Das Internet ist das R\u00fcckgrat jedes modernen Unternehmens. Digitalisierte Prozesse sind auf permanente Erreichbarkeit und h\u00f6chste Verf\u00fcgbarkeit angewiesen. Ohne Internet geht heute nichts mehr.<\/p><p>Wir sichern diese Forderung doppelt ab indem wir Ihnen parallel zur bestehenden Internetanbindung eine zweite Leitung freischalten. Mit eigenen IP-Adressen sind Sie so immer erreichbar \u2013 selbst wenn eine Leitung mal wider Erwarten nicht verf\u00fcgbar ist.<\/p><p>Mit uns sind Sie \u201ealways on\u201d.<\/p>        <\/div>\n<!-- \/module text -->\n\n\n\n    <!-- module buttons -->\n    <div  id=\"buttons-5-5-1-1\" class=\"module module-buttons buttons-5-5-1-1  \" data-id=\"e4db4c5\">\n        <!--insert-->\n        \n        <div class=\"module-buttons normal solid squared\">\n                            <div class=\"module-buttons-item  buttons-horizontal\">\n\t\t\t\t\t<a href=\"mailto:sales@internet.de\" class=\"ui builder_button black\" ><span>Anfrage senden<\/span><\/a>                <\/div>\n                    <\/div>\n    <\/div>\n    <!-- \/module buttons -->\n\n                        <\/div>\n                    \t\t<\/div>\n\t\t                                <\/div>\n                                <!-- \/row_inner -->\n                        <\/div>\n                        <!-- \/module_row -->\n\t\t<\/div>\n","protected":false},"excerpt":{"rendered":"<p>Einfach Internet. Doppelt sicher. Jahrzehntelange Erfahrung! Vertraut mit den wichtigsten IP-Protokollen. Wir begleiten Sie sicher durchs Internet. Cloud ist Internet. Internet ist Cloud. Wir virtualisieren Ihre Infrastruktur. Im Netz mit doppeltem Boden. Hochverf\u00fcgbar und gesichert. Alles online im Griff. Unsere Managed Services sch\u00fctzen Ihre Infrastruktur hochgradig vor Ausfall und Angriffen. Professionell denken. zuverl\u00e4ssig handeln. Wir [&hellip;]<\/p>\n","protected":false},"author":1,"featured_media":0,"parent":0,"menu_order":0,"comment_status":"closed","ping_status":"closed","template":"","meta":{"footnotes":""},"_links":{"self":[{"href":"https:\/\/internet.de\/index.php?rest_route=\/wp\/v2\/pages\/5"}],"collection":[{"href":"https:\/\/internet.de\/index.php?rest_route=\/wp\/v2\/pages"}],"about":[{"href":"https:\/\/internet.de\/index.php?rest_route=\/wp\/v2\/types\/page"}],"author":[{"embeddable":true,"href":"https:\/\/internet.de\/index.php?rest_route=\/wp\/v2\/users\/1"}],"replies":[{"embeddable":true,"href":"https:\/\/internet.de\/index.php?rest_route=%2Fwp%2Fv2%2Fcomments&post=5"}],"version-history":[{"count":53,"href":"https:\/\/internet.de\/index.php?rest_route=\/wp\/v2\/pages\/5\/revisions"}],"predecessor-version":[{"id":462,"href":"https:\/\/internet.de\/index.php?rest_route=\/wp\/v2\/pages\/5\/revisions\/462"}],"wp:attachment":[{"href":"https:\/\/internet.de\/index.php?rest_route=%2Fwp%2Fv2%2Fmedia&parent=5"}],"curies":[{"name":"wp","href":"https:\/\/api.w.org\/{rel}","templated":true}]}}